{"id":2586,"date":"2026-03-30T20:51:31","date_gmt":"2026-03-30T20:51:31","guid":{"rendered":"https:\/\/oceaumarine.com\/?page_id=2586"},"modified":"2026-03-31T12:43:25","modified_gmt":"2026-03-31T12:43:25","slug":"mentions-legales","status":"publish","type":"page","link":"https:\/\/oceaumarine.com\/en\/mentions-legales\/","title":{"rendered":"Legal information"},"content":{"rendered":"<p><strong>Contact details:&nbsp;<\/strong><\/p>\n\n\n\n<p>Oceau Marine is a brand owned by the limited liability company \u00abLe Porte Bonheur\u00bb with a share capital of \u20ac20,000, whose registered office is located at:<\/p>\n\n\n\n<p>Jean Monnet Street<\/p>\n\n\n\n<p>HOLIDAPARK 2<\/p>\n\n\n\n<p>60200 COMPIEGNE<\/p>\n\n\n\n<p>SARL Le Porte Bonheur is registered under RCS Compi\u00e8gne number 439 807 512 and under intra-community VAT number:&nbsp;<em>FR30 439 807 512.<\/em><\/p>\n\n\n\n<p><strong>Editorial responsibility&nbsp;<\/strong><\/p>\n\n\n\n<p>The editor of this website is Oc\u00e9ane L'Arvor.<\/p>\n\n\n\n<p><strong>Accommodation<\/strong><\/p>\n\n\n\n<p>The website www.oceaumarine.fr is hosted by the company:&nbsp;<\/p>\n\n\n\n<p>Hostinger | Head Office: 61 Lordou Vironos Street | 6023 Larnaca \u2013 Cyprus | Contact:\u00a0<a href=\"https:\/\/www.hostinger.fr\/contact\">https:\/\/www.hostinger.fr\/contact<\/a><\/p>\n\n\n\n<p><strong>Intellectual property rights:<\/strong><\/p>\n\n\n\n<p>Le Porte Bonheur holds the domain names www.oceaumarine.fr and the subdomain www.boutique.oceaumarine.fr. The site is a work of intellectual property protected by copyright laws. The site as a whole, along with the products sold on it and each of its components (texts, images, photographs, illustrations, logos, brands, designs), are the exclusive property of the company Le Porte Bonheur. The use of all or part of the site, particularly for downloading, reproduction, transmission, representation, or dissemination for purposes other than personal and private use, whether for commercial purposes or not, is strictly prohibited. Violation of these provisions subjects you to the penalties provided by law.<\/p>\n\n\n\n<p>Le porte Bonheur may change the content of the site at any time without prior notice.&nbsp;<\/p>\n\n\n\n<p><strong>Arrangements of the \u00abData Protection Act\u00bb:<\/strong><br>The customer is informed that the information concerning them is subject to automated data processing.&nbsp;<\/p>\n\n\n\n<p>In accordance with Law n\u00b078-17 of 6 January 1978 on Data Processing, Files and Individual Liberties, as amended in 2004, please note that the personal data requested from the customer is necessary for the processing of their customer account and is intended for internal use by oceaumarine.fr.&nbsp;<\/p>\n\n\n\n<p>Regarding information about them, under the conditions provided for by current law and regulation, the customer has a right of access, modification, and rectification within their \u00abMy Account\u00bb space, and a right of objection by contacting customer service by telephone on 0365370030, by email at contat@oceaumarine.fr, or by post to the following address:<\/p>\n\n\n\n<p>SARL LE PORTE BONHEUR&nbsp;<\/p>\n\n\n\n<p>Jean Monnet Street<\/p>\n\n\n\n<p>HOLIDAPARK 2<\/p>\n\n\n\n<p>60200 COMPIEGNE<\/p>","protected":false},"excerpt":{"rendered":"<p>Coordonn\u00e9es&nbsp;:&nbsp; Oceau Marine est une marque d\u00e9tenue par la soci\u00e9t\u00e9 \u00e0 responsabilit\u00e9 limit\u00e9 \u00ab&nbsp;Le Porte Bonheur&nbsp;\u00bb au capital social de 20000\u20ac dont le si\u00e8ge social est situ\u00e9 au : RUE JEAN MONNET HOLDIPARC 2 60200 COMPIEGNE La SARL Le Porte Bonheur est immatricul\u00e9e sous le num\u00e9ro RCS Compi\u00e8gne 439 807 512 et sous le num\u00e9ro [&hellip;]<\/p>\n","protected":false},"author":1,"featured_media":0,"parent":0,"menu_order":0,"comment_status":"closed","ping_status":"closed","template":"","meta":{"_acf_changed":false,"_gspb_post_css":"","footnotes":""},"class_list":["post-2586","page","type-page","status-publish","hentry"],"blocksy_meta":[],"acf":[],"jetpack_sharing_enabled":true,"_links":{"self":[{"href":"https:\/\/oceaumarine.com\/en\/wp-json\/wp\/v2\/pages\/2586","targetHints":{"allow":["GET"]}}],"collection":[{"href":"https:\/\/oceaumarine.com\/en\/wp-json\/wp\/v2\/pages"}],"about":[{"href":"https:\/\/oceaumarine.com\/en\/wp-json\/wp\/v2\/types\/page"}],"author":[{"embeddable":true,"href":"https:\/\/oceaumarine.com\/en\/wp-json\/wp\/v2\/users\/1"}],"replies":[{"embeddable":true,"href":"https:\/\/oceaumarine.com\/en\/wp-json\/wp\/v2\/comments?post=2586"}],"version-history":[{"count":0,"href":"https:\/\/oceaumarine.com\/en\/wp-json\/wp\/v2\/pages\/2586\/revisions"}],"wp:attachment":[{"href":"https:\/\/oceaumarine.com\/en\/wp-json\/wp\/v2\/media?parent=2586"}],"curies":[{"name":"wp","href":"https:\/\/api.w.org\/{rel}","templated":true}]}}